{"id":34561,"date":"2026-04-27T10:38:30","date_gmt":"2026-04-27T09:38:30","guid":{"rendered":"https:\/\/www.monomi.si\/izdelek\/podloga-lotuscrafts-mudra-studio-5-mm-zajbelj\/"},"modified":"2026-04-27T10:38:30","modified_gmt":"2026-04-27T09:38:30","slug":"podloga-lotuscrafts-mudra-studio-5-mm-zajbelj","status":"publish","type":"product","link":"https:\/\/www.monomi.si\/en\/product\/podloga-lotuscrafts-mudra-studio-5-mm-zajbelj\/","title":{"rendered":"Podloga Lotuscrafts | Mudra Studio 5 mm &#8211; \u017dajbelj"},"content":{"rendered":"<ul>\n<li style=\"font-weight: 400;\" aria-level=\"1\">Ta lahka, ugodna univerzalna podloga za jogo je primerna za za\u010detnike in napredne jogije.<\/li>\n<li style=\"font-weight: 400;\" aria-level=\"1\">Uporablja se lahko za razli\u010dne stile joge, doma, na poti ali v joga studiu.<\/li>\n<li style=\"font-weight: 400;\" aria-level=\"1\">Podloga za jogo Mudra Studio s 5 mm debeline nudi zadostno bla\u017eenje v vseh vadbenih polo\u017eajih in prijetno udobje med sprostitvenimi vajami.<\/li>\n<li style=\"font-weight: 400;\" aria-level=\"1\">Nedrse\u010da mre\u017easta struktura zagotavlja dober oprijem in ob\u010dutek varnosti v razli\u010dnih pozah.<\/li>\n<li style=\"font-weight: 400;\" aria-level=\"1\">Zaradi te\u017ee 1,2 kg je idealna za potovanja in enostavno prena\u0161anje.<\/li>\n<li style=\"font-weight: 400;\" aria-level=\"1\">Material: PVC. OEKO-TEX\u00ae testirano na \u0161kodljive snovi v skladu s STANDARDOM 100 (TP025 122612). (baby standard), brez lateksa, AZO barvil in DOP.<\/li>\n<li>Univerzalna podloga za vse tipe joga praks.<\/li>\n<\/ul>\n","protected":false},"excerpt":{"rendered":"<p>Ta lahka, ugodna univerzalna podloga za jogo je primerna za za\u010detnike in napredne jogije. Uporablja se lahko za razli\u010dne stile joge, doma, na poti ali v joga studiu. Podloga za jogo Mudra Studio s 5 mm debeline nudi zadostno bla\u017eenje v vseh vadbenih polo\u017eajih in prijetno udobje med sprostitvenimi vajami. Nedrse\u010da mre\u017easta struktura zagotavlja dober oprijem in ob\u010dutek varnosti v razli\u010dnih pozah.<\/p>\n","protected":false},"featured_media":34553,"comment_status":"open","ping_status":"closed","template":"","meta":[],"product_brand":[],"product_cat":[958,957],"product_tag":[1541,1143,961,1542,1141,966,963,1543,962,972,965,1194,1139,964,1091,1544,1090,1190,1192,973,970,971,1193,959,960,969,1191,967,968,1213,1152],"class_list":{"0":"post-34561","1":"product","2":"type-product","3":"status-publish","4":"has-post-thumbnail","6":"product_cat-lotuscrafts-en","7":"product_cat-mats","8":"product_tag-aestetic-yoga-mat-en","9":"product_tag-affordable-yoga-mat","10":"product_tag-asana-en","11":"product_tag-bez-podloga-en","12":"product_tag-cheap-yoga-mat","13":"product_tag-cork","14":"product_tag-cushion","15":"product_tag-estetska-podloga-en","16":"product_tag-lining","17":"product_tag-lining-on-holiday","18":"product_tag-lotuscrafts-en","19":"product_tag-lotuscrafts-mudra-studio-5-mm-meta","20":"product_tag-low-cost-lining","21":"product_tag-meditation-en","22":"product_tag-monomi-en","23":"product_tag-neutralna-podloga-en","24":"product_tag-online-yoga-boutique","25":"product_tag-price-lining","26":"product_tag-pvc-yoga-mat","27":"product_tag-travel-mat-en-3","28":"product_tag-travel-mat-en","29":"product_tag-travel-mat-en-2","30":"product_tag-universal-yoga-mat","31":"product_tag-yoga-en","32":"product_tag-yoga-en-2","33":"product_tag-yoga-accessories","34":"product_tag-yoga-for-beginners","35":"product_tag-yoga-mat-en","36":"product_tag-yoga-mat-en-2","37":"product_tag-yoga-mats","38":"product_tag-yoga-studio-mat","40":"first","41":"instock","42":"featured","43":"shipping-taxable","44":"purchasable","45":"product-type-simple"},"bundled_by":[],"bundle_stock_status":"instock","bundle_stock_quantity":2,"bundle_virtual":false,"bundle_layout":"","bundle_add_to_cart_form_location":"","bundle_editable_in_cart":false,"bundle_sold_individually_context":"","bundle_item_grouping":"","bundle_min_size":"","bundle_max_size":"","bundle_price":[],"bundled_items":[],"bundle_sell_ids":[],"_links":{"self":[{"href":"https:\/\/www.monomi.si\/en\/wp-json\/wp\/v2\/product\/34561","targetHints":{"allow":["GET"]}}],"collection":[{"href":"https:\/\/www.monomi.si\/en\/wp-json\/wp\/v2\/product"}],"about":[{"href":"https:\/\/www.monomi.si\/en\/wp-json\/wp\/v2\/types\/product"}],"replies":[{"embeddable":true,"href":"https:\/\/www.monomi.si\/en\/wp-json\/wp\/v2\/comments?post=34561"}],"wp:featuredmedia":[{"embeddable":true,"href":"https:\/\/www.monomi.si\/en\/wp-json\/wp\/v2\/media\/34553"}],"wp:attachment":[{"href":"https:\/\/www.monomi.si\/en\/wp-json\/wp\/v2\/media?parent=34561"}],"wp:term":[{"taxonomy":"product_brand","embeddable":true,"href":"https:\/\/www.monomi.si\/en\/wp-json\/wp\/v2\/product_brand?post=34561"},{"taxonomy":"product_cat","embeddable":true,"href":"https:\/\/www.monomi.si\/en\/wp-json\/wp\/v2\/product_cat?post=34561"},{"taxonomy":"product_tag","embeddable":true,"href":"https:\/\/www.monomi.si\/en\/wp-json\/wp\/v2\/product_tag?post=34561"}],"curies":[{"name":"wp","href":"https:\/\/api.w.org\/{rel}","templated":true}]}}