{"id":23793,"date":"2024-10-10T13:13:58","date_gmt":"2024-10-10T12:13:58","guid":{"rendered":"https:\/\/www.monomi.si\/?post_type=product&#038;p=23793"},"modified":"2024-10-10T13:13:59","modified_gmt":"2024-10-10T12:13:59","slug":"steklenicka-equa-termo-timeless-600-ml-oglje","status":"publish","type":"product","link":"https:\/\/www.monomi.si\/en\/product\/steklenicka-equa-termo-timeless-600-ml-oglje\/","title":{"rendered":"Stekleni\u010dka Equa | Termo Timeless 600 ml &#8211; Oglje"},"content":{"rendered":"<ul>\n<li>Mere: 600 ml prostornine<\/li>\n<li>Stekleni\u010dka iz kakovostnega nerjave\u010dega jekla z dvojno izolacijo bo tvojo pija\u010do ohranjala hladno 24 ur ali vro\u010do do 12 ur.<\/li>\n<li>Izdelana je iz vzdr\u017eljivega nerjave\u010dega jekla in ne vsebuje BPA.<\/li>\n<li>Ima dvostensko vakuumsko izolacijo.<\/li>\n<li>100% ne pu\u0161\u010da.<\/li>\n<\/ul>\n","protected":false},"excerpt":{"rendered":"<p>Stekleni\u010dka iz kakovostnega nerjave\u010dega jekla z dvojno izolacijo bo tvojo pija\u010do ohranjala hladno 24 ur ali vro\u010do do 12 ur. Izdelana je iz vzdr\u017eljivega nerjave\u010dega jekla in ne vsebuje BPA. Ima dvostensko vakuumsko izolacijo. 100% ne pu\u0161\u010da.<\/p>\n","protected":false},"featured_media":23788,"comment_status":"open","ping_status":"closed","template":"","meta":[],"product_brand":[],"product_cat":[978,1458],"product_tag":[1459,1460,1461,1462,1476,1477,1478,1091,1090,980,1479,960,959,1233],"class_list":{"0":"post-23793","1":"product","2":"type-product","3":"status-publish","4":"has-post-thumbnail","6":"product_cat-accessories","7":"product_cat-bottles","8":"product_tag-dodatki-za-jogo-en","9":"product_tag-equa-en","10":"product_tag-hidracija-en","11":"product_tag-kaj-potrebujes-na-jogi-en","12":"product_tag-kava-to-go-en","13":"product_tag-loncek-za-caj-en","14":"product_tag-loncek-za-kavo-en","15":"product_tag-monomi-en","16":"product_tag-online-yoga-boutique","17":"product_tag-pranayama","18":"product_tag-voda-z-limono-en","19":"product_tag-yoga-en-2","20":"product_tag-yoga-en","21":"product_tag-yoga-accessories-en","23":"first","24":"instock","25":"featured","26":"shipping-taxable","27":"purchasable","28":"product-type-simple"},"bundled_by":[],"bundle_stock_status":"instock","bundle_stock_quantity":50,"bundle_virtual":false,"bundle_layout":"","bundle_add_to_cart_form_location":"","bundle_editable_in_cart":false,"bundle_sold_individually_context":"","bundle_item_grouping":"","bundle_min_size":"","bundle_max_size":"","bundle_price":[],"bundled_items":[],"bundle_sell_ids":[],"_links":{"self":[{"href":"https:\/\/www.monomi.si\/en\/wp-json\/wp\/v2\/product\/23793","targetHints":{"allow":["GET"]}}],"collection":[{"href":"https:\/\/www.monomi.si\/en\/wp-json\/wp\/v2\/product"}],"about":[{"href":"https:\/\/www.monomi.si\/en\/wp-json\/wp\/v2\/types\/product"}],"replies":[{"embeddable":true,"href":"https:\/\/www.monomi.si\/en\/wp-json\/wp\/v2\/comments?post=23793"}],"wp:featuredmedia":[{"embeddable":true,"href":"https:\/\/www.monomi.si\/en\/wp-json\/wp\/v2\/media\/23788"}],"wp:attachment":[{"href":"https:\/\/www.monomi.si\/en\/wp-json\/wp\/v2\/media?parent=23793"}],"wp:term":[{"taxonomy":"product_brand","embeddable":true,"href":"https:\/\/www.monomi.si\/en\/wp-json\/wp\/v2\/product_brand?post=23793"},{"taxonomy":"product_cat","embeddable":true,"href":"https:\/\/www.monomi.si\/en\/wp-json\/wp\/v2\/product_cat?post=23793"},{"taxonomy":"product_tag","embeddable":true,"href":"https:\/\/www.monomi.si\/en\/wp-json\/wp\/v2\/product_tag?post=23793"}],"curies":[{"name":"wp","href":"https:\/\/api.w.org\/{rel}","templated":true}]}}