{"id":23777,"date":"2024-10-10T12:59:35","date_gmt":"2024-10-10T11:59:35","guid":{"rendered":"https:\/\/www.monomi.si\/?post_type=product&#038;p=23777"},"modified":"2025-10-22T12:48:38","modified_gmt":"2025-10-22T11:48:38","slug":"steklenicka-equa-timeless-600-ml-pav","status":"publish","type":"product","link":"https:\/\/www.monomi.si\/en\/product\/steklenicka-equa-timeless-600-ml-pav\/","title":{"rendered":"Stekleni\u010dka Equa | Timeless 600 ml &#8211; Pav"},"content":{"rendered":"<ul>\n<li>Mere: 600 ml prostornine<\/li>\n<li><span style=\"font-weight: 400;\">Spoznaj najla\u017ejo in najbolj vzdr\u017eljivo stekleni\u010dko za vodo, ki je kadarkoli obstajala. Njen brez\u010dasen dizajn, izjemna lahkotnost in vsestranska uporabnost jo naredi neminljivo.\u00a0<\/span><\/li>\n<li>Steklenica je izdelana iz nerjave\u010dega jekla, pokrov je pa iz nerjave\u010dega jekla, tritana in silikonskega obro\u010da.<\/li>\n<li>Ima vzdr\u017eljivo in priro\u010dno ro\u010dico in je izjemno lahka, saj je njena te\u017ea le 181 gramov.<\/li>\n<li>100% vodotesna &amp; popolnoma prekrit pokrov\u010dek.<\/li>\n<li>Nedrse\u010di silikon na dnu.<\/li>\n<li>Ta stekleni\u010dka ne ohranja temperature.<\/li>\n<\/ul>\n","protected":false},"excerpt":{"rendered":"<p><span style=\"font-weight: 400;\">Spoznaj najla\u017ejo in najbolj vzdr\u017eljivo stekleni\u010dko za vodo, ki je kadarkoli obstajala. Njen brez\u010dasen dizajn, izjemna lahkotnost in vsestranska uporabnost jo naredi neminljivo. <\/span>Steklenica je izdelana iz nerjave\u010dega jekla, pokrov je pa iz nerjave\u010dega jekla, tritana in silikonskega obro\u010da. Ima vzdr\u017eljivo in priro\u010dno ro\u010dico in je izjemno lahka, saj je njena te\u017ea le 181 gramov.<\/p>\n","protected":false},"featured_media":23781,"comment_status":"open","ping_status":"closed","template":"","meta":[],"product_brand":[],"product_cat":[978,1458],"product_tag":[1459,1460,1461,1462,1476,1477,1478,1091,1090,980,1479,960,959,1233],"class_list":{"0":"post-23777","1":"product","2":"type-product","3":"status-publish","4":"has-post-thumbnail","6":"product_cat-accessories","7":"product_cat-bottles","8":"product_tag-dodatki-za-jogo-en","9":"product_tag-equa-en","10":"product_tag-hidracija-en","11":"product_tag-kaj-potrebujes-na-jogi-en","12":"product_tag-kava-to-go-en","13":"product_tag-loncek-za-caj-en","14":"product_tag-loncek-za-kavo-en","15":"product_tag-monomi-en","16":"product_tag-online-yoga-boutique","17":"product_tag-pranayama","18":"product_tag-voda-z-limono-en","19":"product_tag-yoga-en-2","20":"product_tag-yoga-en","21":"product_tag-yoga-accessories-en","23":"first","24":"instock","25":"featured","26":"shipping-taxable","27":"purchasable","28":"product-type-simple"},"bundled_by":[],"bundle_stock_status":"instock","bundle_stock_quantity":50,"bundle_virtual":false,"bundle_layout":"","bundle_add_to_cart_form_location":"","bundle_editable_in_cart":false,"bundle_sold_individually_context":"","bundle_item_grouping":"","bundle_min_size":"","bundle_max_size":"","bundle_price":[],"bundled_items":[],"bundle_sell_ids":[],"_links":{"self":[{"href":"https:\/\/www.monomi.si\/en\/wp-json\/wp\/v2\/product\/23777","targetHints":{"allow":["GET"]}}],"collection":[{"href":"https:\/\/www.monomi.si\/en\/wp-json\/wp\/v2\/product"}],"about":[{"href":"https:\/\/www.monomi.si\/en\/wp-json\/wp\/v2\/types\/product"}],"replies":[{"embeddable":true,"href":"https:\/\/www.monomi.si\/en\/wp-json\/wp\/v2\/comments?post=23777"}],"wp:featuredmedia":[{"embeddable":true,"href":"https:\/\/www.monomi.si\/en\/wp-json\/wp\/v2\/media\/23781"}],"wp:attachment":[{"href":"https:\/\/www.monomi.si\/en\/wp-json\/wp\/v2\/media?parent=23777"}],"wp:term":[{"taxonomy":"product_brand","embeddable":true,"href":"https:\/\/www.monomi.si\/en\/wp-json\/wp\/v2\/product_brand?post=23777"},{"taxonomy":"product_cat","embeddable":true,"href":"https:\/\/www.monomi.si\/en\/wp-json\/wp\/v2\/product_cat?post=23777"},{"taxonomy":"product_tag","embeddable":true,"href":"https:\/\/www.monomi.si\/en\/wp-json\/wp\/v2\/product_tag?post=23777"}],"curies":[{"name":"wp","href":"https:\/\/api.w.org\/{rel}","templated":true}]}}