{"id":23222,"date":"2024-08-30T20:11:14","date_gmt":"2024-08-30T19:11:14","guid":{"rendered":"https:\/\/www.monomi.si\/?post_type=product&#038;p=23222"},"modified":"2025-02-25T13:29:49","modified_gmt":"2025-02-25T12:29:49","slug":"loncek-equa-termo-300-ml-kava","status":"publish","type":"product","link":"https:\/\/www.monomi.si\/en\/product\/loncek-equa-termo-300-ml-kava\/","title":{"rendered":"Lon\u010dek Equa | Termo 300 ml &#8211; Kava"},"content":{"rendered":"<ul>\n<li>Mere: 8 x 15 cm, 300 ml prostornine<\/li>\n<li>Ta eleganten termo lon\u010dek je zasnovan za vse, ki cenijo vrhunski dizajn in funkcionalnost.<\/li>\n<li>Idealen je za u\u017eivanje toplega napitka pred ali po vadbi, doma, v studiu ali na poti.<\/li>\n<li>Lon\u010dek je popoln za \u010daj, kavo ali toplo vodo z limono.<\/li>\n<li>Premium nerjave\u010de jeklo s kerami\u010dnim premazom brez BPA zagotavlja \u010dist okus in dolgo obstojnost.<\/li>\n<li>Lon\u010dek je 100% neprepusten, popolnoma tesni, zato ga lahko brez skrbi pospravi\u0161 v tvojo joga torbo.<\/li>\n<li>Pokrov je izdelan iz kovinsko prevle\u010denega nerjave\u010dega jekla z varnim in tesnim zapiranjem, kar ohranja tvoj napitek sve\u017e in topel.<\/li>\n<li>Toplotno je izoliran (ohranja toploto 4h).<\/li>\n<li>Oblikovano v Sloveniji, izdelano v Evropi. Termo lon\u010dek zdru\u017euje evropsko kakovost in slovensko oblikovanje, kar ga naredi popolnega za tvojo joga prakso, meditacijo in druge spro\u0161\u010dujo\u010de rituale.<\/li>\n<\/ul>\n","protected":false},"excerpt":{"rendered":"<p>Ta termo lon\u010dek ni samo prakti\u010den, temve\u010d tudi eleganten dodatek, ki bo izpolnil tvoje potrebe po hidraciji in toplih napitkih, medtem ko se posve\u010da\u0161 svoji praksi joge. Lon\u010dek je popoln za \u010daj, kavo ali toplo vodo z limono. Premium nerjave\u010de jeklo s kerami\u010dnim premazom brez BPA zagotavlja \u010dist okus in dolgo obstojnost.<\/p>\n","protected":false},"featured_media":23213,"comment_status":"open","ping_status":"closed","template":"","meta":[],"product_brand":[],"product_cat":[978,1458],"product_tag":[1459,1460,1461,1462,1476,1477,1478,1091,1090,980,1479,959,960,1233],"class_list":{"0":"post-23222","1":"product","2":"type-product","3":"status-publish","4":"has-post-thumbnail","6":"product_cat-accessories","7":"product_cat-bottles","8":"product_tag-dodatki-za-jogo-en","9":"product_tag-equa-en","10":"product_tag-hidracija-en","11":"product_tag-kaj-potrebujes-na-jogi-en","12":"product_tag-kava-to-go-en","13":"product_tag-loncek-za-caj-en","14":"product_tag-loncek-za-kavo-en","15":"product_tag-monomi-en","16":"product_tag-online-yoga-boutique","17":"product_tag-pranayama","18":"product_tag-voda-z-limono-en","19":"product_tag-yoga-en","20":"product_tag-yoga-en-2","21":"product_tag-yoga-accessories-en","23":"first","24":"outofstock","25":"featured","26":"shipping-taxable","27":"purchasable","28":"product-type-simple"},"bundled_by":[],"bundle_stock_status":"outofstock","bundle_stock_quantity":0,"bundle_virtual":false,"bundle_layout":"","bundle_add_to_cart_form_location":"","bundle_editable_in_cart":false,"bundle_sold_individually_context":"","bundle_item_grouping":"","bundle_min_size":"","bundle_max_size":"","bundle_price":[],"bundled_items":[],"bundle_sell_ids":[],"_links":{"self":[{"href":"https:\/\/www.monomi.si\/en\/wp-json\/wp\/v2\/product\/23222","targetHints":{"allow":["GET"]}}],"collection":[{"href":"https:\/\/www.monomi.si\/en\/wp-json\/wp\/v2\/product"}],"about":[{"href":"https:\/\/www.monomi.si\/en\/wp-json\/wp\/v2\/types\/product"}],"replies":[{"embeddable":true,"href":"https:\/\/www.monomi.si\/en\/wp-json\/wp\/v2\/comments?post=23222"}],"wp:featuredmedia":[{"embeddable":true,"href":"https:\/\/www.monomi.si\/en\/wp-json\/wp\/v2\/media\/23213"}],"wp:attachment":[{"href":"https:\/\/www.monomi.si\/en\/wp-json\/wp\/v2\/media?parent=23222"}],"wp:term":[{"taxonomy":"product_brand","embeddable":true,"href":"https:\/\/www.monomi.si\/en\/wp-json\/wp\/v2\/product_brand?post=23222"},{"taxonomy":"product_cat","embeddable":true,"href":"https:\/\/www.monomi.si\/en\/wp-json\/wp\/v2\/product_cat?post=23222"},{"taxonomy":"product_tag","embeddable":true,"href":"https:\/\/www.monomi.si\/en\/wp-json\/wp\/v2\/product_tag?post=23222"}],"curies":[{"name":"wp","href":"https:\/\/api.w.org\/{rel}","templated":true}]}}